{"id":889,"date":"2021-11-23T12:11:21","date_gmt":"2021-11-23T11:11:21","guid":{"rendered":"https:\/\/karine-coachsportif-fontainebleau.com\/?page_id=889"},"modified":"2022-09-08T11:04:03","modified_gmt":"2022-09-08T09:04:03","slug":"service-a-la-personne","status":"publish","type":"page","link":"https:\/\/karine-coachsportif-fontainebleau.com\/index.php\/service-a-la-personne\/","title":{"rendered":"Les Avantages"},"content":{"rendered":"\t\t<div data-elementor-type=\"wp-page\" data-elementor-id=\"889\" class=\"elementor elementor-889\">\n\t\t\t\t\t\t\t\t\t<section class=\"elementor-section elementor-top-section elementor-element elementor-element-e57dbd9 elementor-section-boxed elementor-section-height-default elementor-section-height-default\" data-id=\"e57dbd9\" data-element_type=\"section\">\n\t\t\t\t\t\t<div class=\"elementor-container elementor-column-gap-default\">\n\t\t\t\t\t<div class=\"elementor-column elementor-col-100 elementor-top-column elementor-element elementor-element-93ede46\" data-id=\"93ede46\" data-element_type=\"column\">\n\t\t\t<div class=\"elementor-widget-wrap elementor-element-populated\">\n\t\t\t\t\t\t\t\t<div class=\"elementor-element elementor-element-4f77092 elementor-widget__width-inherit elementor-widget elementor-widget-text-editor\" data-id=\"4f77092\" data-element_type=\"widget\" data-widget_type=\"text-editor.default\">\n\t\t\t\t<div class=\"elementor-widget-container\">\n\t\t\t\t\t\t\t<p>Les avantages<\/p>\t\t\t\t\t\t<\/div>\n\t\t\t\t<\/div>\n\t\t\t\t\t<\/div>\n\t\t<\/div>\n\t\t\t\t\t\t\t<\/div>\n\t\t<\/section>\n\t\t\t\t<section class=\"elementor-section elementor-top-section elementor-element elementor-element-e399ae1 elementor-section-boxed elementor-section-height-default elementor-section-height-default\" data-id=\"e399ae1\" data-element_type=\"section\">\n\t\t\t\t\t\t<div class=\"elementor-container elementor-column-gap-default\">\n\t\t\t\t\t<div class=\"elementor-column elementor-col-100 elementor-top-column elementor-element elementor-element-4ddd2bd\" data-id=\"4ddd2bd\" data-element_type=\"column\">\n\t\t\t<div class=\"elementor-widget-wrap elementor-element-populated\">\n\t\t\t\t\t\t\t\t<div class=\"elementor-element elementor-element-74db0e3 elementor-widget-divider--view-line elementor-widget elementor-widget-divider\" data-id=\"74db0e3\" data-element_type=\"widget\" data-widget_type=\"divider.default\">\n\t\t\t\t<div class=\"elementor-widget-container\">\n\t\t\t\t\t<div class=\"elementor-divider\">\n\t\t\t<span class=\"elementor-divider-separator\">\n\t\t\t\t\t\t<\/span>\n\t\t<\/div>\n\t\t\t\t<\/div>\n\t\t\t\t<\/div>\n\t\t\t\t\t<\/div>\n\t\t<\/div>\n\t\t\t\t\t\t\t<\/div>\n\t\t<\/section>\n\t\t\t\t<section class=\"elementor-section elementor-top-section elementor-element elementor-element-00f4b1f elementor-section-boxed elementor-section-height-default elementor-section-height-default\" data-id=\"00f4b1f\" data-element_type=\"section\">\n\t\t\t\t\t\t<div class=\"elementor-container elementor-column-gap-default\">\n\t\t\t\t\t<div class=\"elementor-column elementor-col-33 elementor-top-column elementor-element elementor-element-72c3289\" data-id=\"72c3289\" data-element_type=\"column\">\n\t\t\t<div class=\"elementor-widget-wrap\">\n\t\t\t\t\t\t\t\t\t<\/div>\n\t\t<\/div>\n\t\t\t\t<div class=\"elementor-column elementor-col-33 elementor-top-column elementor-element elementor-element-f99bb3e\" data-id=\"f99bb3e\" data-element_type=\"column\">\n\t\t\t<div class=\"elementor-widget-wrap elementor-element-populated\">\n\t\t\t\t\t\t\t\t<div class=\"elementor-element elementor-element-4f7f560 elementor-widget elementor-widget-image\" data-id=\"4f7f560\" data-element_type=\"widget\" data-widget_type=\"image.default\">\n\t\t\t\t<div class=\"elementor-widget-container\">\n\t\t\t\t\t\t\t\t\t\t\t\t\t\t\t<img decoding=\"async\" width=\"300\" height=\"249\" src=\"https:\/\/karine-coachsportif-fontainebleau.com\/wp-content\/uploads\/2021\/11\/Traceur_SAP_web_rvb_gif-300x249.gif\" class=\"attachment-medium size-medium wp-image-882\" alt=\"\" loading=\"lazy\" \/>\t\t\t\t\t\t\t\t\t\t\t\t\t\t\t<\/div>\n\t\t\t\t<\/div>\n\t\t\t\t\t<\/div>\n\t\t<\/div>\n\t\t\t\t<div class=\"elementor-column elementor-col-33 elementor-top-column elementor-element elementor-element-52fae2e\" data-id=\"52fae2e\" data-element_type=\"column\">\n\t\t\t<div class=\"elementor-widget-wrap\">\n\t\t\t\t\t\t\t\t\t<\/div>\n\t\t<\/div>\n\t\t\t\t\t\t\t<\/div>\n\t\t<\/section>\n\t\t\t\t<section class=\"elementor-section elementor-top-section elementor-element elementor-element-1a1dd76 elementor-section-boxed elementor-section-height-default elementor-section-height-default\" data-id=\"1a1dd76\" data-element_type=\"section\">\n\t\t\t\t\t\t<div class=\"elementor-container elementor-column-gap-default\">\n\t\t\t\t\t<div class=\"elementor-column elementor-col-100 elementor-top-column elementor-element elementor-element-ee23f27\" data-id=\"ee23f27\" data-element_type=\"column\">\n\t\t\t<div class=\"elementor-widget-wrap elementor-element-populated\">\n\t\t\t\t\t\t\t\t<div class=\"elementor-element elementor-element-7178275 elementor-widget elementor-widget-text-editor\" data-id=\"7178275\" data-element_type=\"widget\" data-widget_type=\"text-editor.default\">\n\t\t\t\t<div class=\"elementor-widget-container\">\n\t\t\t\t\t\t\t<p class=\"font_8\">En tant que coach sportif je suis d\u00e9clar\u00e9e au service \u00e0 la personne (N\u00b0 SAP 819 125 410) afin de vous faire b\u00e9n\u00e9ficier d&rsquo;une r\u00e9duction et d&rsquo;un cr\u00e9dit d&rsquo;imp\u00f4t.<\/p><p class=\"font_8\">Gr\u00e2ce \u00e0 cette d\u00e9claration, profitez d&rsquo;une <strong>remise de<\/strong> <strong>50%<\/strong> sur le co\u00fbt total de vos prestations, quelque soit votre situation (salari\u00e9, demandeur d&#8217;emploi, imposable ou non).<\/p>\t\t\t\t\t\t<\/div>\n\t\t\t\t<\/div>\n\t\t\t\t\t<\/div>\n\t\t<\/div>\n\t\t\t\t\t\t\t<\/div>\n\t\t<\/section>\n\t\t\t\t<section class=\"elementor-section elementor-top-section elementor-element elementor-element-0acb54e elementor-section-boxed elementor-section-height-default elementor-section-height-default\" data-id=\"0acb54e\" data-element_type=\"section\">\n\t\t\t\t\t\t<div class=\"elementor-container elementor-column-gap-default\">\n\t\t\t\t\t<div class=\"elementor-column elementor-col-100 elementor-top-column elementor-element elementor-element-32d1c75\" data-id=\"32d1c75\" data-element_type=\"column\">\n\t\t\t<div class=\"elementor-widget-wrap elementor-element-populated\">\n\t\t\t\t\t\t\t\t<div class=\"elementor-element elementor-element-1931324 elementor-widget elementor-widget-text-editor\" data-id=\"1931324\" data-element_type=\"widget\" data-widget_type=\"text-editor.default\">\n\t\t\t\t<div class=\"elementor-widget-container\">\n\t\t\t\t\t\t\t<p><strong><span class=\"wixGuard\">Voici un ex<\/span>emple : vous souhaitez profiter du forfait \u00ab\u00a0Je transforme mon corps +\u00a0\u00bb pendant 12 mois \u00e0 raison de 3 s\u00e9ances par semaine, le co\u00fbt total sera de 5400 euros si vous payez par trimestre. \u00c0 la fin de l&rsquo;ann\u00e9e, je vous \u00e9tablirai une attestation fiscale afin que vous profitiez de la r\u00e9duction (d\u00e9duction sur vos imp\u00f4ts) ou du cr\u00e9dit (ch\u00e8que des imp\u00f4ts), votre transformation sur une ann\u00e9e vous aura co\u00fbt\u00e9 2700 euros, soit 225 euros par mois, soit 18,75 euros la s\u00e9ance !<\/strong><\/p>\t\t\t\t\t\t<\/div>\n\t\t\t\t<\/div>\n\t\t\t\t\t<\/div>\n\t\t<\/div>\n\t\t\t\t\t\t\t<\/div>\n\t\t<\/section>\n\t\t\t\t<section class=\"elementor-section elementor-top-section elementor-element elementor-element-57c3f8a elementor-section-boxed elementor-section-height-default elementor-section-height-default\" data-id=\"57c3f8a\" data-element_type=\"section\">\n\t\t\t\t\t\t<div class=\"elementor-container elementor-column-gap-default\">\n\t\t\t\t\t<div class=\"elementor-column elementor-col-100 elementor-top-column elementor-element elementor-element-3b5046c\" data-id=\"3b5046c\" data-element_type=\"column\">\n\t\t\t<div class=\"elementor-widget-wrap elementor-element-populated\">\n\t\t\t\t\t\t\t\t<div class=\"elementor-element elementor-element-adbfe63 elementor-widget-divider--view-line elementor-widget elementor-widget-divider\" data-id=\"adbfe63\" data-element_type=\"widget\" data-widget_type=\"divider.default\">\n\t\t\t\t<div class=\"elementor-widget-container\">\n\t\t\t\t\t<div class=\"elementor-divider\">\n\t\t\t<span class=\"elementor-divider-separator\">\n\t\t\t\t\t\t<\/span>\n\t\t<\/div>\n\t\t\t\t<\/div>\n\t\t\t\t<\/div>\n\t\t\t\t\t<\/div>\n\t\t<\/div>\n\t\t\t\t\t\t\t<\/div>\n\t\t<\/section>\n\t\t\t\t<section class=\"elementor-section elementor-top-section elementor-element elementor-element-7d62c14 elementor-section-boxed elementor-section-height-default elementor-section-height-default\" data-id=\"7d62c14\" data-element_type=\"section\">\n\t\t\t\t\t\t<div class=\"elementor-container elementor-column-gap-default\">\n\t\t\t\t\t<div class=\"elementor-column elementor-col-20 elementor-top-column elementor-element elementor-element-75e2111\" data-id=\"75e2111\" data-element_type=\"column\">\n\t\t\t<div class=\"elementor-widget-wrap elementor-element-populated\">\n\t\t\t\t\t\t\t\t<div class=\"elementor-element elementor-element-f108d38 elementor-widget__width-inherit elementor-widget elementor-widget-image\" data-id=\"f108d38\" data-element_type=\"widget\" data-widget_type=\"image.default\">\n\t\t\t\t<div class=\"elementor-widget-container\">\n\t\t\t\t\t\t\t\t\t\t\t\t\t\t\t\t<a href=\"https:\/\/www.argalys.com\" target=\"_blank\">\n\t\t\t\t\t\t\t<img decoding=\"async\" width=\"1024\" height=\"501\" src=\"https:\/\/karine-coachsportif-fontainebleau.com\/wp-content\/uploads\/2021\/09\/Argalys-logo-esssentiels-1024x501.png\" class=\"attachment-large size-large wp-image-516\" alt=\"\" loading=\"lazy\" srcset=\"https:\/\/karine-coachsportif-fontainebleau.com\/wp-content\/uploads\/2021\/09\/Argalys-logo-esssentiels-1024x501.png 1024w, https:\/\/karine-coachsportif-fontainebleau.com\/wp-content\/uploads\/2021\/09\/Argalys-logo-esssentiels-300x147.png 300w, https:\/\/karine-coachsportif-fontainebleau.com\/wp-content\/uploads\/2021\/09\/Argalys-logo-esssentiels-768x375.png 768w, https:\/\/karine-coachsportif-fontainebleau.com\/wp-content\/uploads\/2021\/09\/Argalys-logo-esssentiels.png 1174w\" sizes=\"(max-width: 1024px) 100vw, 1024px\" \/>\t\t\t\t\t\t\t\t<\/a>\n\t\t\t\t\t\t\t\t\t\t\t\t\t\t\t<\/div>\n\t\t\t\t<\/div>\n\t\t\t\t\t<\/div>\n\t\t<\/div>\n\t\t\t\t<div class=\"elementor-column elementor-col-20 elementor-top-column elementor-element elementor-element-7a0ae6f\" data-id=\"7a0ae6f\" data-element_type=\"column\">\n\t\t\t<div class=\"elementor-widget-wrap elementor-element-populated\">\n\t\t\t\t\t\t\t\t<div class=\"elementor-element elementor-element-ccfdb35 elementor-widget__width-inherit elementor-widget elementor-widget-image\" data-id=\"ccfdb35\" data-element_type=\"widget\" data-widget_type=\"image.default\">\n\t\t\t\t<div class=\"elementor-widget-container\">\n\t\t\t\t\t\t\t\t\t\t\t\t\t\t\t\t<a href=\"https:\/\/www.moorea-sports.com\" target=\"_blank\">\n\t\t\t\t\t\t\t<img decoding=\"async\" width=\"500\" height=\"140\" src=\"https:\/\/karine-coachsportif-fontainebleau.com\/wp-content\/uploads\/2021\/09\/Moorea.png\" class=\"attachment-large size-large wp-image-437\" alt=\"\" loading=\"lazy\" srcset=\"https:\/\/karine-coachsportif-fontainebleau.com\/wp-content\/uploads\/2021\/09\/Moorea.png 500w, https:\/\/karine-coachsportif-fontainebleau.com\/wp-content\/uploads\/2021\/09\/Moorea-300x84.png 300w\" sizes=\"(max-width: 500px) 100vw, 500px\" \/>\t\t\t\t\t\t\t\t<\/a>\n\t\t\t\t\t\t\t\t\t\t\t\t\t\t\t<\/div>\n\t\t\t\t<\/div>\n\t\t\t\t\t<\/div>\n\t\t<\/div>\n\t\t\t\t<div class=\"elementor-column elementor-col-20 elementor-top-column elementor-element elementor-element-cf5fcbd\" data-id=\"cf5fcbd\" data-element_type=\"column\">\n\t\t\t<div class=\"elementor-widget-wrap elementor-element-populated\">\n\t\t\t\t\t\t\t\t<div class=\"elementor-element elementor-element-ce8ead4 elementor-widget elementor-widget-image\" data-id=\"ce8ead4\" data-element_type=\"widget\" data-widget_type=\"image.default\">\n\t\t\t\t<div class=\"elementor-widget-container\">\n\t\t\t\t\t\t\t\t\t\t\t\t\t\t\t\t<a href=\"http:\/\/pole-sante-sport-fontainebleau.com\" target=\"_blank\">\n\t\t\t\t\t\t\t<img decoding=\"async\" width=\"230\" height=\"269\" src=\"https:\/\/karine-coachsportif-fontainebleau.com\/wp-content\/uploads\/2021\/09\/Pole-Sante.png\" class=\"attachment-large size-large wp-image-436\" alt=\"\" loading=\"lazy\" \/>\t\t\t\t\t\t\t\t<\/a>\n\t\t\t\t\t\t\t\t\t\t\t\t\t\t\t<\/div>\n\t\t\t\t<\/div>\n\t\t\t\t\t<\/div>\n\t\t<\/div>\n\t\t\t\t<div class=\"elementor-column elementor-col-20 elementor-top-column elementor-element elementor-element-33b7d17\" data-id=\"33b7d17\" data-element_type=\"column\">\n\t\t\t<div class=\"elementor-widget-wrap elementor-element-populated\">\n\t\t\t\t\t\t\t\t<div class=\"elementor-element elementor-element-1236b45 elementor-widget__width-inherit elementor-widget elementor-widget-image\" data-id=\"1236b45\" data-element_type=\"widget\" data-widget_type=\"image.default\">\n\t\t\t\t<div class=\"elementor-widget-container\">\n\t\t\t\t\t\t\t\t\t\t\t\t\t\t\t\t<a href=\"http:\/\/www.rungreen.fr\" target=\"_blank\">\n\t\t\t\t\t\t\t<img decoding=\"async\" width=\"469\" height=\"273\" src=\"https:\/\/karine-coachsportif-fontainebleau.com\/wp-content\/uploads\/2021\/09\/Run-green.png\" class=\"attachment-large size-large wp-image-434\" alt=\"\" loading=\"lazy\" srcset=\"https:\/\/karine-coachsportif-fontainebleau.com\/wp-content\/uploads\/2021\/09\/Run-green.png 469w, https:\/\/karine-coachsportif-fontainebleau.com\/wp-content\/uploads\/2021\/09\/Run-green-300x175.png 300w\" sizes=\"(max-width: 469px) 100vw, 469px\" \/>\t\t\t\t\t\t\t\t<\/a>\n\t\t\t\t\t\t\t\t\t\t\t\t\t\t\t<\/div>\n\t\t\t\t<\/div>\n\t\t\t\t\t<\/div>\n\t\t<\/div>\n\t\t\t\t<div class=\"elementor-column elementor-col-20 elementor-top-column elementor-element elementor-element-9e2e5c9\" data-id=\"9e2e5c9\" data-element_type=\"column\">\n\t\t\t<div class=\"elementor-widget-wrap elementor-element-populated\">\n\t\t\t\t\t\t\t\t<div class=\"elementor-element elementor-element-7ba9053 elementor-widget__width-inherit elementor-widget elementor-widget-image\" data-id=\"7ba9053\" data-element_type=\"widget\" data-widget_type=\"image.default\">\n\t\t\t\t<div class=\"elementor-widget-container\">\n\t\t\t\t\t\t\t\t\t\t\t\t\t\t\t\t<a href=\"https:\/\/www.scape-shop.com\" target=\"_blank\">\n\t\t\t\t\t\t\t<img decoding=\"async\" width=\"386\" height=\"171\" src=\"https:\/\/karine-coachsportif-fontainebleau.com\/wp-content\/uploads\/2021\/09\/Scape.png\" class=\"attachment-large size-large wp-image-435\" alt=\"\" loading=\"lazy\" srcset=\"https:\/\/karine-coachsportif-fontainebleau.com\/wp-content\/uploads\/2021\/09\/Scape.png 386w, https:\/\/karine-coachsportif-fontainebleau.com\/wp-content\/uploads\/2021\/09\/Scape-300x133.png 300w\" sizes=\"(max-width: 386px) 100vw, 386px\" \/>\t\t\t\t\t\t\t\t<\/a>\n\t\t\t\t\t\t\t\t\t\t\t\t\t\t\t<\/div>\n\t\t\t\t<\/div>\n\t\t\t\t\t<\/div>\n\t\t<\/div>\n\t\t\t\t\t\t\t<\/div>\n\t\t<\/section>\n\t\t\t\t\t\t\t<\/div>\n\t\t","protected":false},"excerpt":{"rendered":"<p>Les avantages En tant que coach sportif je suis d\u00e9clar\u00e9e au service \u00e0 la personne (N\u00b0 SAP 819 125 410) afin de [&hellip;]<\/p>\n","protected":false},"author":1,"featured_media":0,"parent":0,"menu_order":0,"comment_status":"closed","ping_status":"closed","template":"elementor_header_footer","meta":[],"_links":{"self":[{"href":"https:\/\/karine-coachsportif-fontainebleau.com\/index.php\/wp-json\/wp\/v2\/pages\/889"}],"collection":[{"href":"https:\/\/karine-coachsportif-fontainebleau.com\/index.php\/wp-json\/wp\/v2\/pages"}],"about":[{"href":"https:\/\/karine-coachsportif-fontainebleau.com\/index.php\/wp-json\/wp\/v2\/types\/page"}],"author":[{"embeddable":true,"href":"https:\/\/karine-coachsportif-fontainebleau.com\/index.php\/wp-json\/wp\/v2\/users\/1"}],"replies":[{"embeddable":true,"href":"https:\/\/karine-coachsportif-fontainebleau.com\/index.php\/wp-json\/wp\/v2\/comments?post=889"}],"version-history":[{"count":48,"href":"https:\/\/karine-coachsportif-fontainebleau.com\/index.php\/wp-json\/wp\/v2\/pages\/889\/revisions"}],"predecessor-version":[{"id":1819,"href":"https:\/\/karine-coachsportif-fontainebleau.com\/index.php\/wp-json\/wp\/v2\/pages\/889\/revisions\/1819"}],"wp:attachment":[{"href":"https:\/\/karine-coachsportif-fontainebleau.com\/index.php\/wp-json\/wp\/v2\/media?parent=889"}],"curies":[{"name":"wp","href":"https:\/\/api.w.org\/{rel}","templated":true}]}}